{"id":8383,"date":"2023-03-29T21:14:55","date_gmt":"2023-03-29T20:14:55","guid":{"rendered":"https:\/\/edebex.com\/normas-relativas-al-pago-con-tarjeta-de-credito-en-la-plataforma-de-edebex\/"},"modified":"2023-04-27T16:36:41","modified_gmt":"2023-04-27T15:36:41","slug":"normas-relativas-al-pago-con-tarjeta-de-credito-en-la-plataforma-de-edebex","status":"publish","type":"page","link":"https:\/\/edebex.com\/es\/normas-relativas-al-pago-con-tarjeta-de-credito-en-la-plataforma-de-edebex\/","title":{"rendered":"Normas relativas al pago con tarjeta de cr\u00e9dito en la plataforma de Edebex"},"content":{"rendered":"\t\t<div data-elementor-type=\"wp-page\" data-elementor-id=\"8383\" class=\"elementor elementor-8383 elementor-7621\" data-elementor-post-type=\"page\">\n\t\t\t\t\t\t<section class=\"elementor-section elementor-top-section elementor-element elementor-element-61e918af elementor-section-boxed elementor-section-height-default elementor-section-height-default\" data-id=\"61e918af\" data-element_type=\"section\" data-settings=\"{&quot;jet_parallax_layout_list&quot;:[{&quot;jet_parallax_layout_image&quot;:{&quot;url&quot;:&quot;&quot;,&quot;id&quot;:&quot;&quot;,&quot;size&quot;:&quot;&quot;},&quot;_id&quot;:&quot;f3cc14b&quot;,&quot;jet_parallax_layout_image_tablet&quot;:{&quot;url&quot;:&quot;&quot;,&quot;id&quot;:&quot;&quot;,&quot;size&quot;:&quot;&quot;},&quot;jet_parallax_layout_image_mobile&quot;:{&quot;url&quot;:&quot;&quot;,&quot;id&quot;:&quot;&quot;,&quot;size&quot;:&quot;&quot;},&quot;jet_parallax_layout_speed&quot;:{&quot;unit&quot;:&quot;%&quot;,&quot;size&quot;:50,&quot;sizes&quot;:[]},&quot;jet_parallax_layout_type&quot;:&quot;scroll&quot;,&quot;jet_parallax_layout_direction&quot;:&quot;1&quot;,&quot;jet_parallax_layout_fx_direction&quot;:null,&quot;jet_parallax_layout_z_index&quot;:&quot;&quot;,&quot;jet_parallax_layout_bg_x&quot;:50,&quot;jet_parallax_layout_bg_x_tablet&quot;:&quot;&quot;,&quot;jet_parallax_layout_bg_x_mobile&quot;:&quot;&quot;,&quot;jet_parallax_layout_bg_y&quot;:50,&quot;jet_parallax_layout_bg_y_tablet&quot;:&quot;&quot;,&quot;jet_parallax_layout_bg_y_mobile&quot;:&quot;&quot;,&quot;jet_parallax_layout_bg_size&quot;:&quot;auto&quot;,&quot;jet_parallax_layout_bg_size_tablet&quot;:&quot;&quot;,&quot;jet_parallax_layout_bg_size_mobile&quot;:&quot;&quot;,&quot;jet_parallax_layout_animation_prop&quot;:&quot;transform&quot;,&quot;jet_parallax_layout_on&quot;:[&quot;desktop&quot;,&quot;tablet&quot;]}]}\">\n\t\t\t\t\t\t<div class=\"elementor-container elementor-column-gap-default\">\n\t\t\t\t\t<div class=\"elementor-column elementor-col-100 elementor-top-column elementor-element elementor-element-7a023270\" data-id=\"7a023270\" data-element_type=\"column\">\n\t\t\t<div class=\"elementor-widget-wrap elementor-element-populated\">\n\t\t\t\t\t\t<div class=\"elementor-element elementor-element-676bf89a elementor-widget elementor-widget-heading\" data-id=\"676bf89a\" data-element_type=\"widget\" data-widget_type=\"heading.default\">\n\t\t\t\t<div class=\"elementor-widget-container\">\n\t\t\t\t\t<h1 class=\"elementor-heading-title elementor-size-default\">Normas relativas al pago con tarjeta de cr\u00e9dito en la plataforma de Edebex<\/h1>\t\t\t\t<\/div>\n\t\t\t\t<\/div>\n\t\t\t\t<div class=\"elementor-element elementor-element-7b3285e7 elementor-widget elementor-widget-text-editor\" data-id=\"7b3285e7\" data-element_type=\"widget\" data-widget_type=\"text-editor.default\">\n\t\t\t\t<div class=\"elementor-widget-container\">\n\t\t\t\t\t\t\t\t\t<p>Los importes que el Cliente autoriza a Edebex a debitar de su tarjeta de cr\u00e9dito de conformidad con los T\u00e9rminos y Condiciones Generales de Edebex, en particular para pagar los honorarios y comisiones adeudados por las \u00f3rdenes de venta realizadas a su solicitud, o para pagar el precio reclamado y publicado en el sitio web de Edebex, se debitan directamente de su tarjeta de cr\u00e9dito en el momento de la transacci\u00f3n. La comunicaci\u00f3n por parte del Cliente del n\u00famero aparente de su tarjeta de cr\u00e9dito constituye una autorizaci\u00f3n para que se debite la cuenta bancaria vinculada a la tarjeta de cr\u00e9dito dentro del l\u00edmite del precio acordado. Sin perjuicio del derecho al reembolso, el Cliente no podr\u00e1 revocar la orden de pago por el adeudo de las cantidades que el Cliente autorice a Edebex a debitar de su tarjeta de cr\u00e9dito. Los pagos con tarjeta de cr\u00e9dito no pueden ser cancelados por el Cliente. El Cliente, que es un profesional que compra o vende cr\u00e9ditos en la marketplace y\/o para las necesidades de su profesi\u00f3n, las disposiciones del derecho del consumidor, en particular en relaci\u00f3n con el derecho de desistimiento en el contexto de la venta de bienes o la prestaci\u00f3n de servicios a distancia a los consumidores, no son aplicables en la relaci\u00f3n entre el Cliente y Edebex.<\/p>\t\t\t\t\t\t\t\t<\/div>\n\t\t\t\t<\/div>\n\t\t\t\t\t<\/div>\n\t\t<\/div>\n\t\t\t\t\t<\/div>\n\t\t<\/section>\n\t\t\t\t<\/div>\n\t\t","protected":false},"excerpt":{"rendered":"<p>Los importes que el Cliente autoriza a Edebex a debitar de su tarjeta de cr\u00e9dito de conformidad con los T\u00e9rminos y Condiciones Generales de Edebex, en particular para pagar los honorarios y comisiones adeudados por las \u00f3rdenes de venta realizadas a su solicitud, o para pagar el precio reclamado y publicado en el sitio web [&hellip;]<\/p>\n","protected":false},"author":1,"featured_media":0,"parent":0,"menu_order":0,"comment_status":"closed","ping_status":"closed","template":"elementor_header_footer","meta":{"_acf_changed":false,"footnotes":""},"class_list":["post-8383","page","type-page","status-publish","hentry"],"acf":[],"yoast_head":"<!-- This site is optimized with the Yoast SEO Premium plugin v27.1 (Yoast SEO v27.4) - https:\/\/yoast.com\/product\/yoast-seo-premium-wordpress\/ -->\n<title>Normas relativas al pago con tarjeta de cr\u00e9dito en la plataforma de Edebex &#8211; edebex<\/title>\n<meta name=\"robots\" content=\"index, follow, max-snippet:-1, max-image-preview:large, max-video-preview:-1\" \/>\n<link rel=\"canonical\" href=\"https:\/\/edebex.com\/es\/normas-relativas-al-pago-con-tarjeta-de-credito-en-la-plataforma-de-edebex\/\" \/>\n<meta property=\"og:locale\" content=\"es_ES\" \/>\n<meta property=\"og:type\" content=\"article\" \/>\n<meta property=\"og:title\" content=\"Normas relativas al pago con tarjeta de cr\u00e9dito en la plataforma de Edebex\" \/>\n<meta property=\"og:description\" content=\"Los importes que el Cliente autoriza a Edebex a debitar de su tarjeta de cr\u00e9dito de conformidad con los T\u00e9rminos y Condiciones Generales de Edebex, en particular para pagar los honorarios y comisiones adeudados por las \u00f3rdenes de venta realizadas a su solicitud, o para pagar el precio reclamado y publicado en el sitio web [&hellip;]\" \/>\n<meta property=\"og:url\" content=\"https:\/\/edebex.com\/es\/normas-relativas-al-pago-con-tarjeta-de-credito-en-la-plataforma-de-edebex\/\" \/>\n<meta property=\"og:site_name\" content=\"edebex\" \/>\n<meta property=\"article:publisher\" content=\"https:\/\/www.facebook.com\/Edebex\" \/>\n<meta property=\"article:modified_time\" content=\"2023-04-27T15:36:41+00:00\" \/>\n<meta name=\"twitter:card\" content=\"summary_large_image\" \/>\n<meta name=\"twitter:site\" content=\"@edebex\" \/>\n<meta name=\"twitter:label1\" content=\"Tiempo de lectura\" \/>\n\t<meta name=\"twitter:data1\" content=\"2 minutos\" \/>\n<script type=\"application\/ld+json\" class=\"yoast-schema-graph\">{\"@context\":\"https:\\\/\\\/schema.org\",\"@graph\":[{\"@type\":\"WebPage\",\"@id\":\"https:\\\/\\\/edebex.com\\\/es\\\/normas-relativas-al-pago-con-tarjeta-de-credito-en-la-plataforma-de-edebex\\\/\",\"url\":\"https:\\\/\\\/edebex.com\\\/es\\\/normas-relativas-al-pago-con-tarjeta-de-credito-en-la-plataforma-de-edebex\\\/\",\"name\":\"Normas relativas al pago con tarjeta de cr\u00e9dito en la plataforma de Edebex &#8211; edebex\",\"isPartOf\":{\"@id\":\"https:\\\/\\\/edebex.com\\\/es\\\/#website\"},\"datePublished\":\"2023-03-29T20:14:55+00:00\",\"dateModified\":\"2023-04-27T15:36:41+00:00\",\"breadcrumb\":{\"@id\":\"https:\\\/\\\/edebex.com\\\/es\\\/normas-relativas-al-pago-con-tarjeta-de-credito-en-la-plataforma-de-edebex\\\/#breadcrumb\"},\"inLanguage\":\"es\",\"potentialAction\":[{\"@type\":\"ReadAction\",\"target\":[\"https:\\\/\\\/edebex.com\\\/es\\\/normas-relativas-al-pago-con-tarjeta-de-credito-en-la-plataforma-de-edebex\\\/\"]}]},{\"@type\":\"BreadcrumbList\",\"@id\":\"https:\\\/\\\/edebex.com\\\/es\\\/normas-relativas-al-pago-con-tarjeta-de-credito-en-la-plataforma-de-edebex\\\/#breadcrumb\",\"itemListElement\":[{\"@type\":\"ListItem\",\"position\":1,\"name\":\"Home\",\"item\":\"https:\\\/\\\/edebex.com\\\/es\\\/\"},{\"@type\":\"ListItem\",\"position\":2,\"name\":\"Normas relativas al pago con tarjeta de cr\u00e9dito en la plataforma de Edebex\"}]},{\"@type\":\"WebSite\",\"@id\":\"https:\\\/\\\/edebex.com\\\/es\\\/#website\",\"url\":\"https:\\\/\\\/edebex.com\\\/es\\\/\",\"name\":\"edebex - The digital alternative to factoring\",\"description\":\"beta\",\"publisher\":{\"@id\":\"https:\\\/\\\/edebex.com\\\/es\\\/#organization\"},\"potentialAction\":[{\"@type\":\"SearchAction\",\"target\":{\"@type\":\"EntryPoint\",\"urlTemplate\":\"https:\\\/\\\/edebex.com\\\/es\\\/?s={search_term_string}\"},\"query-input\":{\"@type\":\"PropertyValueSpecification\",\"valueRequired\":true,\"valueName\":\"search_term_string\"}}],\"inLanguage\":\"es\"},{\"@type\":\"Organization\",\"@id\":\"https:\\\/\\\/edebex.com\\\/es\\\/#organization\",\"name\":\"Edebex\",\"url\":\"https:\\\/\\\/edebex.com\\\/es\\\/\",\"logo\":{\"@type\":\"ImageObject\",\"inLanguage\":\"es\",\"@id\":\"https:\\\/\\\/edebex.com\\\/es\\\/#\\\/schema\\\/logo\\\/image\\\/\",\"url\":\"https:\\\/\\\/edebex.com\\\/wp-content\\\/uploads\\\/2019\\\/12\\\/logo-edebex.png\",\"contentUrl\":\"https:\\\/\\\/edebex.com\\\/wp-content\\\/uploads\\\/2019\\\/12\\\/logo-edebex.png\",\"width\":464,\"height\":216,\"caption\":\"Edebex\"},\"image\":{\"@id\":\"https:\\\/\\\/edebex.com\\\/es\\\/#\\\/schema\\\/logo\\\/image\\\/\"},\"sameAs\":[\"https:\\\/\\\/www.facebook.com\\\/Edebex\",\"https:\\\/\\\/x.com\\\/edebex\",\"https:\\\/\\\/www.instagram.com\\\/edebex_off\\\/\",\"https:\\\/\\\/www.linkedin.com\\\/company\\\/edebex\\\/\",\"https:\\\/\\\/www.youtube.com\\\/channel\\\/UC7KdkFY6t-CJvz5l6tTFAlw\"]}]}<\/script>\n<!-- \/ Yoast SEO Premium plugin. -->","yoast_head_json":{"title":"Normas relativas al pago con tarjeta de cr\u00e9dito en la plataforma de Edebex &#8211; edebex","robots":{"index":"index","follow":"follow","max-snippet":"max-snippet:-1","max-image-preview":"max-image-preview:large","max-video-preview":"max-video-preview:-1"},"canonical":"https:\/\/edebex.com\/es\/normas-relativas-al-pago-con-tarjeta-de-credito-en-la-plataforma-de-edebex\/","og_locale":"es_ES","og_type":"article","og_title":"Normas relativas al pago con tarjeta de cr\u00e9dito en la plataforma de Edebex","og_description":"Los importes que el Cliente autoriza a Edebex a debitar de su tarjeta de cr\u00e9dito de conformidad con los T\u00e9rminos y Condiciones Generales de Edebex, en particular para pagar los honorarios y comisiones adeudados por las \u00f3rdenes de venta realizadas a su solicitud, o para pagar el precio reclamado y publicado en el sitio web [&hellip;]","og_url":"https:\/\/edebex.com\/es\/normas-relativas-al-pago-con-tarjeta-de-credito-en-la-plataforma-de-edebex\/","og_site_name":"edebex","article_publisher":"https:\/\/www.facebook.com\/Edebex","article_modified_time":"2023-04-27T15:36:41+00:00","twitter_card":"summary_large_image","twitter_site":"@edebex","twitter_misc":{"Tiempo de lectura":"2 minutos"},"schema":{"@context":"https:\/\/schema.org","@graph":[{"@type":"WebPage","@id":"https:\/\/edebex.com\/es\/normas-relativas-al-pago-con-tarjeta-de-credito-en-la-plataforma-de-edebex\/","url":"https:\/\/edebex.com\/es\/normas-relativas-al-pago-con-tarjeta-de-credito-en-la-plataforma-de-edebex\/","name":"Normas relativas al pago con tarjeta de cr\u00e9dito en la plataforma de Edebex &#8211; edebex","isPartOf":{"@id":"https:\/\/edebex.com\/es\/#website"},"datePublished":"2023-03-29T20:14:55+00:00","dateModified":"2023-04-27T15:36:41+00:00","breadcrumb":{"@id":"https:\/\/edebex.com\/es\/normas-relativas-al-pago-con-tarjeta-de-credito-en-la-plataforma-de-edebex\/#breadcrumb"},"inLanguage":"es","potentialAction":[{"@type":"ReadAction","target":["https:\/\/edebex.com\/es\/normas-relativas-al-pago-con-tarjeta-de-credito-en-la-plataforma-de-edebex\/"]}]},{"@type":"BreadcrumbList","@id":"https:\/\/edebex.com\/es\/normas-relativas-al-pago-con-tarjeta-de-credito-en-la-plataforma-de-edebex\/#breadcrumb","itemListElement":[{"@type":"ListItem","position":1,"name":"Home","item":"https:\/\/edebex.com\/es\/"},{"@type":"ListItem","position":2,"name":"Normas relativas al pago con tarjeta de cr\u00e9dito en la plataforma de Edebex"}]},{"@type":"WebSite","@id":"https:\/\/edebex.com\/es\/#website","url":"https:\/\/edebex.com\/es\/","name":"edebex - The digital alternative to factoring","description":"beta","publisher":{"@id":"https:\/\/edebex.com\/es\/#organization"},"potentialAction":[{"@type":"SearchAction","target":{"@type":"EntryPoint","urlTemplate":"https:\/\/edebex.com\/es\/?s={search_term_string}"},"query-input":{"@type":"PropertyValueSpecification","valueRequired":true,"valueName":"search_term_string"}}],"inLanguage":"es"},{"@type":"Organization","@id":"https:\/\/edebex.com\/es\/#organization","name":"Edebex","url":"https:\/\/edebex.com\/es\/","logo":{"@type":"ImageObject","inLanguage":"es","@id":"https:\/\/edebex.com\/es\/#\/schema\/logo\/image\/","url":"https:\/\/edebex.com\/wp-content\/uploads\/2019\/12\/logo-edebex.png","contentUrl":"https:\/\/edebex.com\/wp-content\/uploads\/2019\/12\/logo-edebex.png","width":464,"height":216,"caption":"Edebex"},"image":{"@id":"https:\/\/edebex.com\/es\/#\/schema\/logo\/image\/"},"sameAs":["https:\/\/www.facebook.com\/Edebex","https:\/\/x.com\/edebex","https:\/\/www.instagram.com\/edebex_off\/","https:\/\/www.linkedin.com\/company\/edebex\/","https:\/\/www.youtube.com\/channel\/UC7KdkFY6t-CJvz5l6tTFAlw"]}]}},"_links":{"self":[{"href":"https:\/\/edebex.com\/es\/wp-json\/wp\/v2\/pages\/8383","targetHints":{"allow":["GET"]}}],"collection":[{"href":"https:\/\/edebex.com\/es\/wp-json\/wp\/v2\/pages"}],"about":[{"href":"https:\/\/edebex.com\/es\/wp-json\/wp\/v2\/types\/page"}],"author":[{"embeddable":true,"href":"https:\/\/edebex.com\/es\/wp-json\/wp\/v2\/users\/1"}],"replies":[{"embeddable":true,"href":"https:\/\/edebex.com\/es\/wp-json\/wp\/v2\/comments?post=8383"}],"version-history":[{"count":4,"href":"https:\/\/edebex.com\/es\/wp-json\/wp\/v2\/pages\/8383\/revisions"}],"predecessor-version":[{"id":8494,"href":"https:\/\/edebex.com\/es\/wp-json\/wp\/v2\/pages\/8383\/revisions\/8494"}],"wp:attachment":[{"href":"https:\/\/edebex.com\/es\/wp-json\/wp\/v2\/media?parent=8383"}],"curies":[{"name":"wp","href":"https:\/\/api.w.org\/{rel}","templated":true}]}}