{"id":7635,"date":"2022-08-16T16:26:06","date_gmt":"2022-08-16T15:26:06","guid":{"rendered":"https:\/\/edebex.com\/regles-relatives-au-paiement-par-carte-de-credit-sur-la-plateforme-edebex\/"},"modified":"2022-08-16T17:03:52","modified_gmt":"2022-08-16T16:03:52","slug":"regles-relatives-au-paiement-par-carte-de-credit-sur-la-plateforme-edebex","status":"publish","type":"page","link":"https:\/\/edebex.com\/fr-be\/regles-relatives-au-paiement-par-carte-de-credit-sur-la-plateforme-edebex\/","title":{"rendered":"R\u00e8gles relatives au paiement par carte de cr\u00e9dit sur la plateforme Edebex"},"content":{"rendered":"\t\t<div data-elementor-type=\"wp-page\" data-elementor-id=\"7635\" class=\"elementor elementor-7635 elementor-7621\" data-elementor-post-type=\"page\">\n\t\t\t\t\t\t<section class=\"elementor-section elementor-top-section elementor-element elementor-element-61e918af elementor-section-boxed elementor-section-height-default elementor-section-height-default\" data-id=\"61e918af\" data-element_type=\"section\" data-settings=\"{&quot;jet_parallax_layout_list&quot;:[{&quot;jet_parallax_layout_image&quot;:{&quot;url&quot;:&quot;&quot;,&quot;id&quot;:&quot;&quot;,&quot;size&quot;:&quot;&quot;},&quot;_id&quot;:&quot;f3cc14b&quot;,&quot;jet_parallax_layout_image_tablet&quot;:{&quot;url&quot;:&quot;&quot;,&quot;id&quot;:&quot;&quot;,&quot;size&quot;:&quot;&quot;},&quot;jet_parallax_layout_image_mobile&quot;:{&quot;url&quot;:&quot;&quot;,&quot;id&quot;:&quot;&quot;,&quot;size&quot;:&quot;&quot;},&quot;jet_parallax_layout_speed&quot;:{&quot;unit&quot;:&quot;%&quot;,&quot;size&quot;:50,&quot;sizes&quot;:[]},&quot;jet_parallax_layout_type&quot;:&quot;scroll&quot;,&quot;jet_parallax_layout_direction&quot;:&quot;1&quot;,&quot;jet_parallax_layout_fx_direction&quot;:null,&quot;jet_parallax_layout_z_index&quot;:&quot;&quot;,&quot;jet_parallax_layout_bg_x&quot;:50,&quot;jet_parallax_layout_bg_x_tablet&quot;:&quot;&quot;,&quot;jet_parallax_layout_bg_x_mobile&quot;:&quot;&quot;,&quot;jet_parallax_layout_bg_y&quot;:50,&quot;jet_parallax_layout_bg_y_tablet&quot;:&quot;&quot;,&quot;jet_parallax_layout_bg_y_mobile&quot;:&quot;&quot;,&quot;jet_parallax_layout_bg_size&quot;:&quot;auto&quot;,&quot;jet_parallax_layout_bg_size_tablet&quot;:&quot;&quot;,&quot;jet_parallax_layout_bg_size_mobile&quot;:&quot;&quot;,&quot;jet_parallax_layout_animation_prop&quot;:&quot;transform&quot;,&quot;jet_parallax_layout_on&quot;:[&quot;desktop&quot;,&quot;tablet&quot;]}]}\">\n\t\t\t\t\t\t<div class=\"elementor-container elementor-column-gap-default\">\n\t\t\t\t\t<div class=\"elementor-column elementor-col-100 elementor-top-column elementor-element elementor-element-7a023270\" data-id=\"7a023270\" data-element_type=\"column\">\n\t\t\t<div class=\"elementor-widget-wrap elementor-element-populated\">\n\t\t\t\t\t\t<div class=\"elementor-element elementor-element-676bf89a elementor-widget elementor-widget-heading\" data-id=\"676bf89a\" data-element_type=\"widget\" data-widget_type=\"heading.default\">\n\t\t\t\t<div class=\"elementor-widget-container\">\n\t\t\t\t\t<h1 class=\"elementor-heading-title elementor-size-default\">R\u00e8gles relatives au paiement par carte de cr\u00e9dit sur la plateforme Edebex<\/h1>\t\t\t\t<\/div>\n\t\t\t\t<\/div>\n\t\t\t\t<div class=\"elementor-element elementor-element-7b3285e7 elementor-widget elementor-widget-text-editor\" data-id=\"7b3285e7\" data-element_type=\"widget\" data-widget_type=\"text-editor.default\">\n\t\t\t\t<div class=\"elementor-widget-container\">\n\t\t\t\t\t\t\t\t\tLes montants que le Client autorise Edebex \u00e0 pr\u00e9lever sur sa carte de cr\u00e9dit en application des\u00a0 Conditions G\u00e9n\u00e9rales de Edebex, notamment pour payer les frais et commissions dus sur les ordres de vente effectu\u00e9s \u00e0 sa demande,\u00a0 ou en vue de payer le prix d\u2019une cr\u00e9ance mise en ligne sur le site de Edebex, \u00a0sont d\u00e9bit\u00e9s directement sur sa carte de cr\u00e9dit au moment de la transaction.\r\n<br>\r\nLa communication par le Client du num\u00e9ro apparent de sa carte de cr\u00e9dit vaut autorisation \u00e0 voir d\u00e9bit\u00e9 le compte bancaire li\u00e9 \u00e0 la carte de cr\u00e9dit dans la limite du prix convenu.\r\n<br>\r\nSans pr\u00e9judice du droit \u00e0 remboursement, le Client ne peut r\u00e9voquer l\u2019ordre de paiement pour le d\u00e9bit des montants que le Client autorise Edebex \u00e0 pr\u00e9lever sur sa carte de cr\u00e9dit. Les paiements par cartes de cr\u00e9dit ne peuvent faire l\u2019objet d\u2019annulation de la part du Client.\r\n<br>\r\nLe \u00a0Client \u00e9tant un professionnel achetant ou vendant des cr\u00e9ances dans le cadre et\/ou pour les besoins de sa profession, les dispositions du droit de la consommation, notamment relatives au droit de r\u00e9tractation dans le cadre de ventes de biens ou de prestations de services \u00e0 distance \u00e0 des consommateurs, sont sans application dans les relations entre le Client et Edebex.\t\t\t\t\t\t\t\t<\/div>\n\t\t\t\t<\/div>\n\t\t\t\t\t<\/div>\n\t\t<\/div>\n\t\t\t\t\t<\/div>\n\t\t<\/section>\n\t\t\t\t<\/div>\n\t\t","protected":false},"excerpt":{"rendered":"<p>Les montants que le Client autorise Edebex \u00e0 pr\u00e9lever sur sa carte de cr\u00e9dit en application des\u00a0 Conditions G\u00e9n\u00e9rales de Edebex, notamment pour payer les frais et commissions dus sur les ordres de vente effectu\u00e9s \u00e0 sa demande,\u00a0 ou en vue de payer le prix d\u2019une cr\u00e9ance mise en ligne sur le site de Edebex, [&hellip;]<\/p>\n","protected":false},"author":1,"featured_media":0,"parent":0,"menu_order":0,"comment_status":"closed","ping_status":"closed","template":"elementor_header_footer","meta":{"_acf_changed":false,"footnotes":""},"class_list":["post-7635","page","type-page","status-publish","hentry"],"acf":[],"yoast_head":"<!-- This site is optimized with the Yoast SEO Premium plugin v27.1 (Yoast SEO v27.4) - https:\/\/yoast.com\/product\/yoast-seo-premium-wordpress\/ -->\n<title>R\u00e8gles relatives au paiement par carte de cr\u00e9dit sur la plateforme Edebex &#8211; edebex<\/title>\n<meta name=\"robots\" content=\"index, follow, max-snippet:-1, max-image-preview:large, max-video-preview:-1\" \/>\n<link rel=\"canonical\" href=\"https:\/\/edebex.com\/fr-be\/regles-relatives-au-paiement-par-carte-de-credit-sur-la-plateforme-edebex\/\" \/>\n<meta property=\"og:locale\" content=\"fr_FR\" \/>\n<meta property=\"og:type\" content=\"article\" \/>\n<meta property=\"og:title\" content=\"R\u00e8gles relatives au paiement par carte de cr\u00e9dit sur la plateforme Edebex\" \/>\n<meta property=\"og:description\" content=\"Les montants que le Client autorise Edebex \u00e0 pr\u00e9lever sur sa carte de cr\u00e9dit en application des\u00a0 Conditions G\u00e9n\u00e9rales de Edebex, notamment pour payer les frais et commissions dus sur les ordres de vente effectu\u00e9s \u00e0 sa demande,\u00a0 ou en vue de payer le prix d\u2019une cr\u00e9ance mise en ligne sur le site de Edebex, [&hellip;]\" \/>\n<meta property=\"og:url\" content=\"https:\/\/edebex.com\/fr-be\/regles-relatives-au-paiement-par-carte-de-credit-sur-la-plateforme-edebex\/\" \/>\n<meta property=\"og:site_name\" content=\"edebex\" \/>\n<meta property=\"article:publisher\" content=\"https:\/\/www.facebook.com\/Edebex\" \/>\n<meta property=\"article:modified_time\" content=\"2022-08-16T16:03:52+00:00\" \/>\n<meta name=\"twitter:card\" content=\"summary_large_image\" \/>\n<meta name=\"twitter:site\" content=\"@edebex\" \/>\n<meta name=\"twitter:label1\" content=\"Dur\u00e9e de lecture est.\" \/>\n\t<meta name=\"twitter:data1\" content=\"1 minute\" \/>\n<script type=\"application\/ld+json\" class=\"yoast-schema-graph\">{\"@context\":\"https:\\\/\\\/schema.org\",\"@graph\":[{\"@type\":\"WebPage\",\"@id\":\"https:\\\/\\\/edebex.com\\\/fr-be\\\/regles-relatives-au-paiement-par-carte-de-credit-sur-la-plateforme-edebex\\\/\",\"url\":\"https:\\\/\\\/edebex.com\\\/fr-be\\\/regles-relatives-au-paiement-par-carte-de-credit-sur-la-plateforme-edebex\\\/\",\"name\":\"R\u00e8gles relatives au paiement par carte de cr\u00e9dit sur la plateforme Edebex &#8211; edebex\",\"isPartOf\":{\"@id\":\"https:\\\/\\\/edebex.com\\\/fr-be\\\/#website\"},\"datePublished\":\"2022-08-16T15:26:06+00:00\",\"dateModified\":\"2022-08-16T16:03:52+00:00\",\"breadcrumb\":{\"@id\":\"https:\\\/\\\/edebex.com\\\/fr-be\\\/regles-relatives-au-paiement-par-carte-de-credit-sur-la-plateforme-edebex\\\/#breadcrumb\"},\"inLanguage\":\"fr-BE\",\"potentialAction\":[{\"@type\":\"ReadAction\",\"target\":[\"https:\\\/\\\/edebex.com\\\/fr-be\\\/regles-relatives-au-paiement-par-carte-de-credit-sur-la-plateforme-edebex\\\/\"]}]},{\"@type\":\"BreadcrumbList\",\"@id\":\"https:\\\/\\\/edebex.com\\\/fr-be\\\/regles-relatives-au-paiement-par-carte-de-credit-sur-la-plateforme-edebex\\\/#breadcrumb\",\"itemListElement\":[{\"@type\":\"ListItem\",\"position\":1,\"name\":\"Home\",\"item\":\"https:\\\/\\\/edebex.com\\\/fr-be\\\/\"},{\"@type\":\"ListItem\",\"position\":2,\"name\":\"R\u00e8gles relatives au paiement par carte de cr\u00e9dit sur la plateforme Edebex\"}]},{\"@type\":\"WebSite\",\"@id\":\"https:\\\/\\\/edebex.com\\\/fr-be\\\/#website\",\"url\":\"https:\\\/\\\/edebex.com\\\/fr-be\\\/\",\"name\":\"edebex - The digital alternative to factoring\",\"description\":\"beta\",\"publisher\":{\"@id\":\"https:\\\/\\\/edebex.com\\\/fr-be\\\/#organization\"},\"potentialAction\":[{\"@type\":\"SearchAction\",\"target\":{\"@type\":\"EntryPoint\",\"urlTemplate\":\"https:\\\/\\\/edebex.com\\\/fr-be\\\/?s={search_term_string}\"},\"query-input\":{\"@type\":\"PropertyValueSpecification\",\"valueRequired\":true,\"valueName\":\"search_term_string\"}}],\"inLanguage\":\"fr-BE\"},{\"@type\":\"Organization\",\"@id\":\"https:\\\/\\\/edebex.com\\\/fr-be\\\/#organization\",\"name\":\"Edebex\",\"url\":\"https:\\\/\\\/edebex.com\\\/fr-be\\\/\",\"logo\":{\"@type\":\"ImageObject\",\"inLanguage\":\"fr-BE\",\"@id\":\"https:\\\/\\\/edebex.com\\\/fr-be\\\/#\\\/schema\\\/logo\\\/image\\\/\",\"url\":\"https:\\\/\\\/edebex.com\\\/wp-content\\\/uploads\\\/2019\\\/12\\\/logo-edebex.png\",\"contentUrl\":\"https:\\\/\\\/edebex.com\\\/wp-content\\\/uploads\\\/2019\\\/12\\\/logo-edebex.png\",\"width\":464,\"height\":216,\"caption\":\"Edebex\"},\"image\":{\"@id\":\"https:\\\/\\\/edebex.com\\\/fr-be\\\/#\\\/schema\\\/logo\\\/image\\\/\"},\"sameAs\":[\"https:\\\/\\\/www.facebook.com\\\/Edebex\",\"https:\\\/\\\/x.com\\\/edebex\",\"https:\\\/\\\/www.instagram.com\\\/edebex_off\\\/\",\"https:\\\/\\\/www.linkedin.com\\\/company\\\/edebex\\\/\",\"https:\\\/\\\/www.youtube.com\\\/channel\\\/UC7KdkFY6t-CJvz5l6tTFAlw\"]}]}<\/script>\n<!-- \/ Yoast SEO Premium plugin. -->","yoast_head_json":{"title":"R\u00e8gles relatives au paiement par carte de cr\u00e9dit sur la plateforme Edebex &#8211; edebex","robots":{"index":"index","follow":"follow","max-snippet":"max-snippet:-1","max-image-preview":"max-image-preview:large","max-video-preview":"max-video-preview:-1"},"canonical":"https:\/\/edebex.com\/fr-be\/regles-relatives-au-paiement-par-carte-de-credit-sur-la-plateforme-edebex\/","og_locale":"fr_FR","og_type":"article","og_title":"R\u00e8gles relatives au paiement par carte de cr\u00e9dit sur la plateforme Edebex","og_description":"Les montants que le Client autorise Edebex \u00e0 pr\u00e9lever sur sa carte de cr\u00e9dit en application des\u00a0 Conditions G\u00e9n\u00e9rales de Edebex, notamment pour payer les frais et commissions dus sur les ordres de vente effectu\u00e9s \u00e0 sa demande,\u00a0 ou en vue de payer le prix d\u2019une cr\u00e9ance mise en ligne sur le site de Edebex, [&hellip;]","og_url":"https:\/\/edebex.com\/fr-be\/regles-relatives-au-paiement-par-carte-de-credit-sur-la-plateforme-edebex\/","og_site_name":"edebex","article_publisher":"https:\/\/www.facebook.com\/Edebex","article_modified_time":"2022-08-16T16:03:52+00:00","twitter_card":"summary_large_image","twitter_site":"@edebex","twitter_misc":{"Dur\u00e9e de lecture est.":"1 minute"},"schema":{"@context":"https:\/\/schema.org","@graph":[{"@type":"WebPage","@id":"https:\/\/edebex.com\/fr-be\/regles-relatives-au-paiement-par-carte-de-credit-sur-la-plateforme-edebex\/","url":"https:\/\/edebex.com\/fr-be\/regles-relatives-au-paiement-par-carte-de-credit-sur-la-plateforme-edebex\/","name":"R\u00e8gles relatives au paiement par carte de cr\u00e9dit sur la plateforme Edebex &#8211; edebex","isPartOf":{"@id":"https:\/\/edebex.com\/fr-be\/#website"},"datePublished":"2022-08-16T15:26:06+00:00","dateModified":"2022-08-16T16:03:52+00:00","breadcrumb":{"@id":"https:\/\/edebex.com\/fr-be\/regles-relatives-au-paiement-par-carte-de-credit-sur-la-plateforme-edebex\/#breadcrumb"},"inLanguage":"fr-BE","potentialAction":[{"@type":"ReadAction","target":["https:\/\/edebex.com\/fr-be\/regles-relatives-au-paiement-par-carte-de-credit-sur-la-plateforme-edebex\/"]}]},{"@type":"BreadcrumbList","@id":"https:\/\/edebex.com\/fr-be\/regles-relatives-au-paiement-par-carte-de-credit-sur-la-plateforme-edebex\/#breadcrumb","itemListElement":[{"@type":"ListItem","position":1,"name":"Home","item":"https:\/\/edebex.com\/fr-be\/"},{"@type":"ListItem","position":2,"name":"R\u00e8gles relatives au paiement par carte de cr\u00e9dit sur la plateforme Edebex"}]},{"@type":"WebSite","@id":"https:\/\/edebex.com\/fr-be\/#website","url":"https:\/\/edebex.com\/fr-be\/","name":"edebex - The digital alternative to factoring","description":"beta","publisher":{"@id":"https:\/\/edebex.com\/fr-be\/#organization"},"potentialAction":[{"@type":"SearchAction","target":{"@type":"EntryPoint","urlTemplate":"https:\/\/edebex.com\/fr-be\/?s={search_term_string}"},"query-input":{"@type":"PropertyValueSpecification","valueRequired":true,"valueName":"search_term_string"}}],"inLanguage":"fr-BE"},{"@type":"Organization","@id":"https:\/\/edebex.com\/fr-be\/#organization","name":"Edebex","url":"https:\/\/edebex.com\/fr-be\/","logo":{"@type":"ImageObject","inLanguage":"fr-BE","@id":"https:\/\/edebex.com\/fr-be\/#\/schema\/logo\/image\/","url":"https:\/\/edebex.com\/wp-content\/uploads\/2019\/12\/logo-edebex.png","contentUrl":"https:\/\/edebex.com\/wp-content\/uploads\/2019\/12\/logo-edebex.png","width":464,"height":216,"caption":"Edebex"},"image":{"@id":"https:\/\/edebex.com\/fr-be\/#\/schema\/logo\/image\/"},"sameAs":["https:\/\/www.facebook.com\/Edebex","https:\/\/x.com\/edebex","https:\/\/www.instagram.com\/edebex_off\/","https:\/\/www.linkedin.com\/company\/edebex\/","https:\/\/www.youtube.com\/channel\/UC7KdkFY6t-CJvz5l6tTFAlw"]}]}},"_links":{"self":[{"href":"https:\/\/edebex.com\/fr-be\/wp-json\/wp\/v2\/pages\/7635","targetHints":{"allow":["GET"]}}],"collection":[{"href":"https:\/\/edebex.com\/fr-be\/wp-json\/wp\/v2\/pages"}],"about":[{"href":"https:\/\/edebex.com\/fr-be\/wp-json\/wp\/v2\/types\/page"}],"author":[{"embeddable":true,"href":"https:\/\/edebex.com\/fr-be\/wp-json\/wp\/v2\/users\/1"}],"replies":[{"embeddable":true,"href":"https:\/\/edebex.com\/fr-be\/wp-json\/wp\/v2\/comments?post=7635"}],"version-history":[{"count":2,"href":"https:\/\/edebex.com\/fr-be\/wp-json\/wp\/v2\/pages\/7635\/revisions"}],"predecessor-version":[{"id":7673,"href":"https:\/\/edebex.com\/fr-be\/wp-json\/wp\/v2\/pages\/7635\/revisions\/7673"}],"wp:attachment":[{"href":"https:\/\/edebex.com\/fr-be\/wp-json\/wp\/v2\/media?parent=7635"}],"curies":[{"name":"wp","href":"https:\/\/api.w.org\/{rel}","templated":true}]}}