{"id":4299,"date":"2020-09-28T15:02:41","date_gmt":"2020-09-28T15:02:41","guid":{"rendered":"https:\/\/edebex.com\/blog\/"},"modified":"2021-04-22T13:43:58","modified_gmt":"2021-04-22T12:43:58","slug":"blog","status":"publish","type":"page","link":"https:\/\/edebex.com\/fr-lu\/blog\/","title":{"rendered":"Blog"},"content":{"rendered":"\t\t<div data-elementor-type=\"wp-page\" data-elementor-id=\"4299\" class=\"elementor elementor-4299 elementor-1029\" data-elementor-post-type=\"page\">\n\t\t\t\t\t\t<section class=\"elementor-section elementor-top-section elementor-element elementor-element-b19e95a elementor-section-boxed elementor-section-height-default elementor-section-height-default\" data-id=\"b19e95a\" data-element_type=\"section\" data-settings=\"{&quot;jet_parallax_layout_list&quot;:[{&quot;jet_parallax_layout_image&quot;:{&quot;url&quot;:&quot;&quot;,&quot;id&quot;:&quot;&quot;,&quot;size&quot;:&quot;&quot;},&quot;_id&quot;:&quot;d1095b2&quot;,&quot;jet_parallax_layout_image_tablet&quot;:{&quot;url&quot;:&quot;&quot;,&quot;id&quot;:&quot;&quot;,&quot;size&quot;:&quot;&quot;},&quot;jet_parallax_layout_image_mobile&quot;:{&quot;url&quot;:&quot;&quot;,&quot;id&quot;:&quot;&quot;,&quot;size&quot;:&quot;&quot;},&quot;jet_parallax_layout_speed&quot;:{&quot;unit&quot;:&quot;%&quot;,&quot;size&quot;:50,&quot;sizes&quot;:[]},&quot;jet_parallax_layout_type&quot;:&quot;scroll&quot;,&quot;jet_parallax_layout_direction&quot;:&quot;1&quot;,&quot;jet_parallax_layout_fx_direction&quot;:null,&quot;jet_parallax_layout_z_index&quot;:&quot;&quot;,&quot;jet_parallax_layout_bg_x&quot;:50,&quot;jet_parallax_layout_bg_x_tablet&quot;:&quot;&quot;,&quot;jet_parallax_layout_bg_x_mobile&quot;:&quot;&quot;,&quot;jet_parallax_layout_bg_y&quot;:50,&quot;jet_parallax_layout_bg_y_tablet&quot;:&quot;&quot;,&quot;jet_parallax_layout_bg_y_mobile&quot;:&quot;&quot;,&quot;jet_parallax_layout_bg_size&quot;:&quot;auto&quot;,&quot;jet_parallax_layout_bg_size_tablet&quot;:&quot;&quot;,&quot;jet_parallax_layout_bg_size_mobile&quot;:&quot;&quot;,&quot;jet_parallax_layout_animation_prop&quot;:&quot;transform&quot;,&quot;jet_parallax_layout_on&quot;:[&quot;desktop&quot;,&quot;tablet&quot;]}]}\">\n\t\t\t\t\t\t<div class=\"elementor-container elementor-column-gap-default\">\n\t\t\t\t\t<div class=\"elementor-column elementor-col-100 elementor-top-column elementor-element elementor-element-2edbd78\" data-id=\"2edbd78\" data-element_type=\"column\">\n\t\t\t<div class=\"elementor-widget-wrap elementor-element-populated\">\n\t\t\t\t\t\t<div class=\"elementor-element elementor-element-925a721 elementor-align-left elementor-widget elementor-widget-breadcrumbs\" data-id=\"925a721\" data-element_type=\"widget\" data-widget_type=\"breadcrumbs.default\">\n\t\t\t\t<div class=\"elementor-widget-container\">\n\t\t\t\t\t<p id=\"breadcrumbs\"><span><span><a href=\"https:\/\/edebex.com\/fr-lu\/\">Home<\/a><\/span><\/span><\/p>\t\t\t\t<\/div>\n\t\t\t\t<\/div>\n\t\t\t\t\t<\/div>\n\t\t<\/div>\n\t\t\t\t\t<\/div>\n\t\t<\/section>\n\t\t\t\t<section class=\"elementor-section elementor-top-section elementor-element elementor-element-06c1a6a elementor-section-boxed elementor-section-height-default elementor-section-height-default\" data-id=\"06c1a6a\" data-element_type=\"section\" data-settings=\"{&quot;jet_parallax_layout_list&quot;:[{&quot;jet_parallax_layout_image&quot;:{&quot;url&quot;:&quot;&quot;,&quot;id&quot;:&quot;&quot;,&quot;size&quot;:&quot;&quot;},&quot;_id&quot;:&quot;e367904&quot;,&quot;jet_parallax_layout_image_tablet&quot;:{&quot;url&quot;:&quot;&quot;,&quot;id&quot;:&quot;&quot;,&quot;size&quot;:&quot;&quot;},&quot;jet_parallax_layout_image_mobile&quot;:{&quot;url&quot;:&quot;&quot;,&quot;id&quot;:&quot;&quot;,&quot;size&quot;:&quot;&quot;},&quot;jet_parallax_layout_speed&quot;:{&quot;unit&quot;:&quot;%&quot;,&quot;size&quot;:50,&quot;sizes&quot;:[]},&quot;jet_parallax_layout_type&quot;:&quot;scroll&quot;,&quot;jet_parallax_layout_direction&quot;:&quot;1&quot;,&quot;jet_parallax_layout_fx_direction&quot;:null,&quot;jet_parallax_layout_z_index&quot;:&quot;&quot;,&quot;jet_parallax_layout_bg_x&quot;:50,&quot;jet_parallax_layout_bg_x_tablet&quot;:&quot;&quot;,&quot;jet_parallax_layout_bg_x_mobile&quot;:&quot;&quot;,&quot;jet_parallax_layout_bg_y&quot;:50,&quot;jet_parallax_layout_bg_y_tablet&quot;:&quot;&quot;,&quot;jet_parallax_layout_bg_y_mobile&quot;:&quot;&quot;,&quot;jet_parallax_layout_bg_size&quot;:&quot;auto&quot;,&quot;jet_parallax_layout_bg_size_tablet&quot;:&quot;&quot;,&quot;jet_parallax_layout_bg_size_mobile&quot;:&quot;&quot;,&quot;jet_parallax_layout_animation_prop&quot;:&quot;transform&quot;,&quot;jet_parallax_layout_on&quot;:[&quot;desktop&quot;,&quot;tablet&quot;]}]}\">\n\t\t\t\t\t\t<div class=\"elementor-container elementor-column-gap-default\">\n\t\t\t\t\t<div class=\"elementor-column elementor-col-100 elementor-top-column elementor-element elementor-element-3cfdf73\" data-id=\"3cfdf73\" data-element_type=\"column\">\n\t\t\t<div class=\"elementor-widget-wrap elementor-element-populated\">\n\t\t\t\t\t\t<div class=\"elementor-element elementor-element-fe3e987 elementor-widget elementor-widget-text-editor\" data-id=\"fe3e987\" data-element_type=\"widget\" data-widget_type=\"text-editor.default\">\n\t\t\t\t<div class=\"elementor-widget-container\">\n\t\t\t\t\t\t\t\t\t<p>Nous n&#8217;avons aucun article disponible sur notre blog (version FR-LU) pour le moment, mais vous pouvez lire tout notre contenu en changeant de langue dans le coin sup\u00e9rieur droit de cette page. Vous trouverez nos conseils financiers et entrepreneuriaux en fran\u00e7ais et en n\u00e9erlandais, adapt\u00e9s aux sp\u00e9cificit\u00e9s de chaque march\u00e9.<\/p>\t\t\t\t\t\t\t\t<\/div>\n\t\t\t\t<\/div>\n\t\t\t\t\t<\/div>\n\t\t<\/div>\n\t\t\t\t\t<\/div>\n\t\t<\/section>\n\t\t\t\t<\/div>\n\t\t","protected":false},"excerpt":{"rendered":"<p>Nous n&#8217;avons aucun article disponible sur notre blog (version FR-LU) pour le moment, mais vous pouvez lire tout notre contenu en changeant de langue dans le coin sup\u00e9rieur droit de cette page. Vous trouverez nos conseils financiers et entrepreneuriaux en fran\u00e7ais et en n\u00e9erlandais, adapt\u00e9s aux sp\u00e9cificit\u00e9s de chaque march\u00e9.<\/p>\n","protected":false},"author":1,"featured_media":0,"parent":0,"menu_order":0,"comment_status":"closed","ping_status":"closed","template":"elementor_header_footer","meta":{"_acf_changed":false,"footnotes":""},"class_list":["post-4299","page","type-page","status-publish","hentry"],"acf":[],"yoast_head":"<!-- This site is optimized with the Yoast SEO Premium plugin v27.1 (Yoast SEO v27.6) - https:\/\/yoast.com\/product\/yoast-seo-premium-wordpress\/ -->\n<title>Blog &#8211; edebex<\/title>\n<meta name=\"robots\" content=\"index, follow, max-snippet:-1, max-image-preview:large, max-video-preview:-1\" \/>\n<link rel=\"canonical\" href=\"https:\/\/edebex.com\/fr-lu\/blog\/\" \/>\n<meta property=\"og:locale\" content=\"fr_FR\" \/>\n<meta property=\"og:type\" content=\"article\" \/>\n<meta property=\"og:title\" content=\"Blog\" \/>\n<meta property=\"og:description\" content=\"Nous n&#8217;avons aucun article disponible sur notre blog (version FR-LU) pour le moment, mais vous pouvez lire tout notre contenu en changeant de langue dans le coin sup\u00e9rieur droit de cette page. Vous trouverez nos conseils financiers et entrepreneuriaux en fran\u00e7ais et en n\u00e9erlandais, adapt\u00e9s aux sp\u00e9cificit\u00e9s de chaque march\u00e9.\" \/>\n<meta property=\"og:url\" content=\"https:\/\/edebex.com\/fr-lu\/blog\/\" \/>\n<meta property=\"og:site_name\" content=\"edebex\" \/>\n<meta property=\"article:publisher\" content=\"https:\/\/www.facebook.com\/Edebex\" \/>\n<meta property=\"article:modified_time\" content=\"2021-04-22T12:43:58+00:00\" \/>\n<meta name=\"twitter:card\" content=\"summary_large_image\" \/>\n<meta name=\"twitter:site\" content=\"@edebex\" \/>\n<meta name=\"twitter:label1\" content=\"Est. reading time\" \/>\n\t<meta name=\"twitter:data1\" content=\"1 minute\" \/>\n<script type=\"application\/ld+json\" class=\"yoast-schema-graph\">{\"@context\":\"https:\\\/\\\/schema.org\",\"@graph\":[{\"@type\":\"WebPage\",\"@id\":\"https:\\\/\\\/edebex.com\\\/fr-lu\\\/blog\\\/\",\"url\":\"https:\\\/\\\/edebex.com\\\/fr-lu\\\/blog\\\/\",\"name\":\"Blog &#8211; edebex\",\"isPartOf\":{\"@id\":\"https:\\\/\\\/edebex.com\\\/fr-lu\\\/#website\"},\"datePublished\":\"2020-09-28T15:02:41+00:00\",\"dateModified\":\"2021-04-22T12:43:58+00:00\",\"breadcrumb\":{\"@id\":\"https:\\\/\\\/edebex.com\\\/fr-lu\\\/blog\\\/#breadcrumb\"},\"inLanguage\":\"fr-LU\",\"potentialAction\":[{\"@type\":\"ReadAction\",\"target\":[\"https:\\\/\\\/edebex.com\\\/fr-lu\\\/blog\\\/\"]}]},{\"@type\":\"BreadcrumbList\",\"@id\":\"https:\\\/\\\/edebex.com\\\/fr-lu\\\/blog\\\/#breadcrumb\",\"itemListElement\":[{\"@type\":\"ListItem\",\"position\":1,\"name\":\"Home\",\"item\":\"https:\\\/\\\/edebex.com\\\/fr-lu\\\/\"},{\"@type\":\"ListItem\",\"position\":2,\"name\":\"Blog\"}]},{\"@type\":\"WebSite\",\"@id\":\"https:\\\/\\\/edebex.com\\\/fr-lu\\\/#website\",\"url\":\"https:\\\/\\\/edebex.com\\\/fr-lu\\\/\",\"name\":\"edebex - The digital alternative to factoring\",\"description\":\"beta\",\"publisher\":{\"@id\":\"https:\\\/\\\/edebex.com\\\/fr-lu\\\/#organization\"},\"potentialAction\":[{\"@type\":\"SearchAction\",\"target\":{\"@type\":\"EntryPoint\",\"urlTemplate\":\"https:\\\/\\\/edebex.com\\\/fr-lu\\\/?s={search_term_string}\"},\"query-input\":{\"@type\":\"PropertyValueSpecification\",\"valueRequired\":true,\"valueName\":\"search_term_string\"}}],\"inLanguage\":\"fr-LU\"},{\"@type\":\"Organization\",\"@id\":\"https:\\\/\\\/edebex.com\\\/fr-lu\\\/#organization\",\"name\":\"Edebex\",\"url\":\"https:\\\/\\\/edebex.com\\\/fr-lu\\\/\",\"logo\":{\"@type\":\"ImageObject\",\"inLanguage\":\"fr-LU\",\"@id\":\"https:\\\/\\\/edebex.com\\\/fr-lu\\\/#\\\/schema\\\/logo\\\/image\\\/\",\"url\":\"https:\\\/\\\/edebex.com\\\/wp-content\\\/uploads\\\/2019\\\/12\\\/logo-edebex.png\",\"contentUrl\":\"https:\\\/\\\/edebex.com\\\/wp-content\\\/uploads\\\/2019\\\/12\\\/logo-edebex.png\",\"width\":464,\"height\":216,\"caption\":\"Edebex\"},\"image\":{\"@id\":\"https:\\\/\\\/edebex.com\\\/fr-lu\\\/#\\\/schema\\\/logo\\\/image\\\/\"},\"sameAs\":[\"https:\\\/\\\/www.facebook.com\\\/Edebex\",\"https:\\\/\\\/x.com\\\/edebex\",\"https:\\\/\\\/www.instagram.com\\\/edebex_off\\\/\",\"https:\\\/\\\/www.linkedin.com\\\/company\\\/edebex\\\/\",\"https:\\\/\\\/www.youtube.com\\\/channel\\\/UC7KdkFY6t-CJvz5l6tTFAlw\"]}]}<\/script>\n<!-- \/ Yoast SEO Premium plugin. -->","yoast_head_json":{"title":"Blog &#8211; edebex","robots":{"index":"index","follow":"follow","max-snippet":"max-snippet:-1","max-image-preview":"max-image-preview:large","max-video-preview":"max-video-preview:-1"},"canonical":"https:\/\/edebex.com\/fr-lu\/blog\/","og_locale":"fr_FR","og_type":"article","og_title":"Blog","og_description":"Nous n&#8217;avons aucun article disponible sur notre blog (version FR-LU) pour le moment, mais vous pouvez lire tout notre contenu en changeant de langue dans le coin sup\u00e9rieur droit de cette page. Vous trouverez nos conseils financiers et entrepreneuriaux en fran\u00e7ais et en n\u00e9erlandais, adapt\u00e9s aux sp\u00e9cificit\u00e9s de chaque march\u00e9.","og_url":"https:\/\/edebex.com\/fr-lu\/blog\/","og_site_name":"edebex","article_publisher":"https:\/\/www.facebook.com\/Edebex","article_modified_time":"2021-04-22T12:43:58+00:00","twitter_card":"summary_large_image","twitter_site":"@edebex","twitter_misc":{"Est. reading time":"1 minute"},"schema":{"@context":"https:\/\/schema.org","@graph":[{"@type":"WebPage","@id":"https:\/\/edebex.com\/fr-lu\/blog\/","url":"https:\/\/edebex.com\/fr-lu\/blog\/","name":"Blog &#8211; edebex","isPartOf":{"@id":"https:\/\/edebex.com\/fr-lu\/#website"},"datePublished":"2020-09-28T15:02:41+00:00","dateModified":"2021-04-22T12:43:58+00:00","breadcrumb":{"@id":"https:\/\/edebex.com\/fr-lu\/blog\/#breadcrumb"},"inLanguage":"fr-LU","potentialAction":[{"@type":"ReadAction","target":["https:\/\/edebex.com\/fr-lu\/blog\/"]}]},{"@type":"BreadcrumbList","@id":"https:\/\/edebex.com\/fr-lu\/blog\/#breadcrumb","itemListElement":[{"@type":"ListItem","position":1,"name":"Home","item":"https:\/\/edebex.com\/fr-lu\/"},{"@type":"ListItem","position":2,"name":"Blog"}]},{"@type":"WebSite","@id":"https:\/\/edebex.com\/fr-lu\/#website","url":"https:\/\/edebex.com\/fr-lu\/","name":"edebex - The digital alternative to factoring","description":"beta","publisher":{"@id":"https:\/\/edebex.com\/fr-lu\/#organization"},"potentialAction":[{"@type":"SearchAction","target":{"@type":"EntryPoint","urlTemplate":"https:\/\/edebex.com\/fr-lu\/?s={search_term_string}"},"query-input":{"@type":"PropertyValueSpecification","valueRequired":true,"valueName":"search_term_string"}}],"inLanguage":"fr-LU"},{"@type":"Organization","@id":"https:\/\/edebex.com\/fr-lu\/#organization","name":"Edebex","url":"https:\/\/edebex.com\/fr-lu\/","logo":{"@type":"ImageObject","inLanguage":"fr-LU","@id":"https:\/\/edebex.com\/fr-lu\/#\/schema\/logo\/image\/","url":"https:\/\/edebex.com\/wp-content\/uploads\/2019\/12\/logo-edebex.png","contentUrl":"https:\/\/edebex.com\/wp-content\/uploads\/2019\/12\/logo-edebex.png","width":464,"height":216,"caption":"Edebex"},"image":{"@id":"https:\/\/edebex.com\/fr-lu\/#\/schema\/logo\/image\/"},"sameAs":["https:\/\/www.facebook.com\/Edebex","https:\/\/x.com\/edebex","https:\/\/www.instagram.com\/edebex_off\/","https:\/\/www.linkedin.com\/company\/edebex\/","https:\/\/www.youtube.com\/channel\/UC7KdkFY6t-CJvz5l6tTFAlw"]}]}},"_links":{"self":[{"href":"https:\/\/edebex.com\/fr-lu\/wp-json\/wp\/v2\/pages\/4299","targetHints":{"allow":["GET"]}}],"collection":[{"href":"https:\/\/edebex.com\/fr-lu\/wp-json\/wp\/v2\/pages"}],"about":[{"href":"https:\/\/edebex.com\/fr-lu\/wp-json\/wp\/v2\/types\/page"}],"author":[{"embeddable":true,"href":"https:\/\/edebex.com\/fr-lu\/wp-json\/wp\/v2\/users\/1"}],"replies":[{"embeddable":true,"href":"https:\/\/edebex.com\/fr-lu\/wp-json\/wp\/v2\/comments?post=4299"}],"version-history":[{"count":4,"href":"https:\/\/edebex.com\/fr-lu\/wp-json\/wp\/v2\/pages\/4299\/revisions"}],"predecessor-version":[{"id":6955,"href":"https:\/\/edebex.com\/fr-lu\/wp-json\/wp\/v2\/pages\/4299\/revisions\/6955"}],"wp:attachment":[{"href":"https:\/\/edebex.com\/fr-lu\/wp-json\/wp\/v2\/media?parent=4299"}],"curies":[{"name":"wp","href":"https:\/\/api.w.org\/{rel}","templated":true}]}}